{"id":2,"date":"2025-10-28T12:07:12","date_gmt":"2025-10-28T12:07:12","guid":{"rendered":"https:\/\/normandyarts.fr\/?page_id=2"},"modified":"2026-03-16T19:34:07","modified_gmt":"2026-03-16T19:34:07","slug":"normandy-arts","status":"publish","type":"page","link":"https:\/\/normandyarts.fr\/","title":{"rendered":"Normandy Arts"},"content":{"rendered":"\t\t<div data-elementor-type=\"wp-page\" data-elementor-id=\"2\" class=\"elementor elementor-2\" data-elementor-post-type=\"page\">\n\t\t\t\t\t\t<section class=\"elementor-section elementor-top-section elementor-element elementor-element-01e15a3 elementor-section-boxed elementor-section-height-default elementor-section-height-default\" data-id=\"01e15a3\" data-element_type=\"section\">\n\t\t\t\t\t\t<div class=\"elementor-container elementor-column-gap-default\">\n\t\t\t\t\t<div class=\"elementor-column elementor-col-100 elementor-top-column elementor-element elementor-element-f816e7a\" data-id=\"f816e7a\" data-element_type=\"column\">\n\t\t\t<div class=\"elementor-widget-wrap elementor-element-populated\">\n\t\t\t\t\t\t<div class=\"elementor-element elementor-element-ab510b1 elementor-widget elementor-widget-menu-anchor\" data-id=\"ab510b1\" data-element_type=\"widget\" data-widget_type=\"menu-anchor.default\">\n\t\t\t\t\t\t\t<div class=\"elementor-menu-anchor\" id=\"story\"><\/div>\n\t\t\t\t\t\t<\/div>\n\t\t\t\t<section class=\"elementor-section elementor-inner-section elementor-element elementor-element-955deba elementor-section-boxed elementor-section-height-default elementor-section-height-default\" data-id=\"955deba\" data-element_type=\"section\">\n\t\t\t\t\t\t<div class=\"elementor-container elementor-column-gap-default\">\n\t\t\t\t\t<div class=\"elementor-column elementor-col-100 elementor-inner-column elementor-element elementor-element-e023015\" data-id=\"e023015\" data-element_type=\"column\">\n\t\t\t<div class=\"elementor-widget-wrap elementor-element-populated\">\n\t\t\t\t\t\t<div class=\"elementor-element elementor-element-0c8b94e elementor-widget elementor-widget-video\" data-id=\"0c8b94e\" data-element_type=\"widget\" data-settings=\"{&quot;video_type&quot;:&quot;vimeo&quot;,&quot;loop&quot;:&quot;yes&quot;}\" data-widget_type=\"video.default\">\n\t\t\t\t\t\t\t<div class=\"elementor-wrapper elementor-open-inline\">\n\t\t\t<iframe class=\"elementor-video-iframe\" allowfullscreen allow=\"clipboard-write\" title=\"Lecteur vid\u00e9o vimeo\" src=\"https:\/\/player.vimeo.com\/video\/1143152495?color&amp;autopause=0&amp;loop=1&amp;muted=0&amp;title=0&amp;portrait=0&amp;byline=0#t=\"><\/iframe>\t\t<\/div>\n\t\t\t\t\t\t<\/div>\n\t\t\t\t\t<\/div>\n\t\t<\/div>\n\t\t\t\t\t<\/div>\n\t\t<\/section>\n\t\t\t\t<section class=\"elementor-section elementor-inner-section elementor-element elementor-element-72effe4 elementor-reverse-tablet elementor-reverse-mobile elementor-section-boxed elementor-section-height-default elementor-section-height-default\" data-id=\"72effe4\" data-element_type=\"section\">\n\t\t\t\t\t\t<div class=\"elementor-container elementor-column-gap-default\">\n\t\t\t\t\t<div class=\"elementor-column elementor-col-50 elementor-inner-column elementor-element elementor-element-34ac516\" data-id=\"34ac516\" data-element_type=\"column\">\n\t\t\t<div class=\"elementor-widget-wrap elementor-element-populated\">\n\t\t\t\t\t\t<div class=\"elementor-element elementor-element-f19855f elementor-widget elementor-widget-heading\" data-id=\"f19855f\" data-element_type=\"widget\" data-widget_type=\"heading.default\">\n\t\t\t\t\t<h1 class=\"elementor-heading-title elementor-size-default\">la Story<\/h1>\t\t\t\t<\/div>\n\t\t\t\t<div class=\"elementor-element elementor-element-20b50c6 elementor-widget elementor-widget-heading\" data-id=\"20b50c6\" data-element_type=\"widget\" data-widget_type=\"heading.default\">\n\t\t\t\t\t<h1 class=\"elementor-heading-title elementor-size-default\">Une \u0153uvre qui voyage, <br>un message qui se cache, <br>une libert\u00e9 qui s\u2019affirme.\n<\/h1>\t\t\t\t<\/div>\n\t\t\t\t<div class=\"elementor-element elementor-element-91f8203 elementor-widget elementor-widget-text-editor\" data-id=\"91f8203\" data-element_type=\"widget\" data-widget_type=\"text-editor.default\">\n\t\t\t\t\t\t\t\t\t<p><span style=\"font-weight: 400;\">L\u2019univers des <\/span><b>Messengers <\/b><span style=\"font-weight: 400;\">est n\u00e9 d\u2019un geste simple mais audacieux : d\u00e9tourner une c\u00e9l\u00e8bre figurine. Ce fragment d\u2019enfance devient alors le socle d\u2019une cr\u00e9ation libre, anonyme, presque secr\u00e8te. Son cr\u00e9ateur y insuffle ses propres codes, une grammaire visuelle singuli\u00e8re, une invitation \u00e0 la d\u00e9couverte.<\/span><\/p><p><span style=\"font-weight: 400;\">Chaque Messenger est con\u00e7u pour \u00eatre perc\u00e9, litt\u00e9ralement. Ce trou n\u2019est pas un d\u00e9faut, mais une porte. Il permet d\u2019y glisser un message : intime, engag\u00e9, ou volontairement absent. Ce choix appartient \u00e0 celui qui l\u2019adopte, ou \u00e0 son cr\u00e9ateur. C\u2019est l\u00e0 que commence le dialogue silencieux entre l&rsquo;\u0153uvre et son nouveau gardien.\u00a0<\/span><\/p><p><b>Les Messengers existent en deux formats :\u00a0<\/b><\/p><ul><li aria-level=\"1\"><b>En sculpture, <\/b><span style=\"font-weight: 400;\">fa\u00e7onn\u00e9s \u00e0 la main en gypse, ciment ou c\u00e9ramique.<\/span><\/li><\/ul><ul><li aria-level=\"1\"><b>En image,\u00a0<\/b><span style=\"font-weight: 400;\">appel\u00e9e\u00a0<span style=\"font-weight: bold;\">Slash,\u00a0<\/span>sous forme d\u2019illustration digitales ou peintes \u00e0 l\u2019acrylique.<\/span><\/li><\/ul><p>Mais ce n\u2019est pas tout. Chaque pi\u00e8ce est num\u00e9rot\u00e9e, estampill\u00e9e, et devient un voyageur immobile. Install\u00e9 dans son nouveau lieu d\u2019adoption, le Messenger se laisse d\u00e9couvrir sous diff\u00e9rents angles, avec un suivi permanent. Il ne quitte pas son espace, mais il rayonne.<\/p><p>L\u2019exposition est sauvage, insolite, sans carton d\u2019invitation, sans fronti\u00e8re. Les Messengers apparaissent l\u00e0 o\u00f9 on ne les attend pas : dans les rues du monde entier, comme des \u00e9clats de po\u00e9sie urbaine. Chaque apparition est une surprise, chaque rencontre une histoire.<\/p><p>Et maintenant, le choix vous appartient.<\/p><p>Adopter un chat, un chien, ou tout simplement un Messenger.<\/p><p>Une pi\u00e8ce unique, fa\u00e7onn\u00e9e \u00e0 la main, num\u00e9rot\u00e9e, et pr\u00eate \u00e0 vous murmurer son secret.<\/p>\t\t\t\t\t\t\t\t<\/div>\n\t\t\t\t\t<\/div>\n\t\t<\/div>\n\t\t\t\t<div class=\"elementor-column elementor-col-50 elementor-inner-column elementor-element elementor-element-c0a8172\" data-id=\"c0a8172\" data-element_type=\"column\">\n\t\t\t<div class=\"elementor-widget-wrap elementor-element-populated\">\n\t\t\t\t\t\t<div class=\"elementor-element elementor-element-20a35bc elementor-widget elementor-widget-image\" data-id=\"20a35bc\" data-element_type=\"widget\" data-widget_type=\"image.default\">\n\t\t\t\t\t\t\t\t\t\t\t\t\t\t\t<img fetchpriority=\"high\" decoding=\"async\" width=\"462\" height=\"708\" src=\"https:\/\/normandyarts.fr\/wp-content\/uploads\/2025\/10\/AFFICHE-MESSENGER-1-V1-Normandy-Arts.jpg\" class=\"attachment-full size-full wp-image-151\" alt=\"\" srcset=\"https:\/\/normandyarts.fr\/wp-content\/uploads\/2025\/10\/AFFICHE-MESSENGER-1-V1-Normandy-Arts.jpg 462w, https:\/\/normandyarts.fr\/wp-content\/uploads\/2025\/10\/AFFICHE-MESSENGER-1-V1-Normandy-Arts-196x300.jpg 196w\" sizes=\"(max-width: 462px) 100vw, 462px\" \/>\t\t\t\t\t\t\t\t\t\t\t\t\t\t\t<\/div>\n\t\t\t\t\t<\/div>\n\t\t<\/div>\n\t\t\t\t\t<\/div>\n\t\t<\/section>\n\t\t\t\t\t<\/div>\n\t\t<\/div>\n\t\t\t\t\t<\/div>\n\t\t<\/section>\n\t\t\t\t<section class=\"elementor-section elementor-top-section elementor-element elementor-element-26cd424 elementor-section-boxed elementor-section-height-default elementor-section-height-default\" data-id=\"26cd424\" data-element_type=\"section\">\n\t\t\t\t\t\t<div class=\"elementor-container elementor-column-gap-default\">\n\t\t\t\t\t<div class=\"elementor-column elementor-col-100 elementor-top-column elementor-element elementor-element-a0c4d6c\" data-id=\"a0c4d6c\" data-element_type=\"column\">\n\t\t\t<div class=\"elementor-widget-wrap elementor-element-populated\">\n\t\t\t\t\t\t<div class=\"elementor-element elementor-element-db4234c elementor-widget elementor-widget-menu-anchor\" data-id=\"db4234c\" data-element_type=\"widget\" data-widget_type=\"menu-anchor.default\">\n\t\t\t\t\t\t\t<div class=\"elementor-menu-anchor\" id=\"achat\"><\/div>\n\t\t\t\t\t\t<\/div>\n\t\t\t\t<div class=\"elementor-element elementor-element-f3eab65 elementor-widget elementor-widget-heading\" data-id=\"f3eab65\" data-element_type=\"widget\" data-widget_type=\"heading.default\">\n\t\t\t\t\t<h1 class=\"elementor-heading-title elementor-size-default\">Achat<\/h1>\t\t\t\t<\/div>\n\t\t\t\t<section class=\"elementor-section elementor-inner-section elementor-element elementor-element-bf5503b elementor-section-boxed elementor-section-height-default elementor-section-height-default\" data-id=\"bf5503b\" data-element_type=\"section\">\n\t\t\t\t\t\t<div class=\"elementor-container elementor-column-gap-default\">\n\t\t\t\t\t<div class=\"elementor-column elementor-col-50 elementor-inner-column elementor-element elementor-element-41bfd32\" data-id=\"41bfd32\" data-element_type=\"column\">\n\t\t\t<div class=\"elementor-widget-wrap elementor-element-populated\">\n\t\t\t\t\t\t<div class=\"elementor-element elementor-element-7553b88 elementor-widget elementor-widget-heading\" data-id=\"7553b88\" data-element_type=\"widget\" data-widget_type=\"heading.default\">\n\t\t\t\t\t<h2 class=\"elementor-heading-title elementor-size-default\">Vous souhaiter acheter une oeuvre ?<\/h2>\t\t\t\t<\/div>\n\t\t\t\t<div class=\"elementor-element elementor-element-710b678 elementor-widget elementor-widget-heading\" data-id=\"710b678\" data-element_type=\"widget\" data-widget_type=\"heading.default\">\n\t\t\t\t\t<h2 class=\"elementor-heading-title elementor-size-default\">On vous explique comment faire<\/h2>\t\t\t\t<\/div>\n\t\t\t\t<div class=\"elementor-element elementor-element-2e9893e elementor-widget elementor-widget-text-editor\" data-id=\"2e9893e\" data-element_type=\"widget\" data-widget_type=\"text-editor.default\">\n\t\t\t\t\t\t\t\t\t<ul>\n<li>&nbsp;Simplement par WERO ou par virement bancaire.<\/li>\n<li>Achetez un bon d&rsquo;achat sur <a href=\"https:\/\/normandy-arts.my-shoop.store\/\">notre boutique en ligne<\/a><\/li>\n<li><span style=\"background-color: transparent;\">Ce bon d &lsquo;achat peut faire office de bon cadeau afin que le future propri\u00e9taire puisse choisir \u00e0 sa guise l&rsquo;une des cr\u00e9ations propos\u00e9es sur le site.<\/span><\/li>\n<li>D\u00e9s r\u00e9ception de votre commande, Normandy Arts reprend contact avec vous pour le choix d&rsquo;une de ses cr\u00e9ations ou sur simple appel .<\/li>\n<li>Frais de livraison offert en France m\u00e9tropolitaine&nbsp;<\/li>\n<li>Pour les Slashs , originaux, prints, toiles<\/li>\n<li>sculpture messenger 15 cm + socle b\u00e9ton<\/li>\n<li>&nbsp;Contact : 0672460412<\/li>\n<\/ul>\t\t\t\t\t\t\t\t<\/div>\n\t\t\t\t<div class=\"elementor-element elementor-element-978d3c0 elementor-widget elementor-widget-text-editor\" data-id=\"978d3c0\" data-element_type=\"widget\" data-widget_type=\"text-editor.default\">\n\t\t\t\t\t\t\t\t\t<ul><li>Achetez un bon d&rsquo;achat sur <a href=\"https:\/\/normandy-arts.my-shoop.store\/\">notre boutique en ligne<\/a><\/li><li>Simplement par virement ou\u00a0 Wero.<\/li><li>Ce bon d &lsquo;achat peut faire office de bon cadeau afin que le future propri\u00e9taire puisse choisir \u00e0 sa guise l&rsquo;une des cr\u00e9ations propos\u00e9es sur le site.<\/li><li>D\u00e9s r\u00e9ception de votre commande, Normandy Arts reprend contact avec vous pour le choix d&rsquo;une de ses cr\u00e9ations ou sur simple appel .<\/li><li>Frais de livraison offert en France m\u00e9tropolitaine\u00a0<\/li><li>Pour les Slashs , originaux, prints, toiles<\/li><li>sculpture messenger 15 cm + socle b\u00e9ton<\/li><li>\u00a0<\/li><\/ul>\t\t\t\t\t\t\t\t<\/div>\n\t\t\t\t\t<\/div>\n\t\t<\/div>\n\t\t\t\t<div class=\"elementor-column elementor-col-50 elementor-inner-column elementor-element elementor-element-175c913\" data-id=\"175c913\" data-element_type=\"column\">\n\t\t\t<div class=\"elementor-widget-wrap elementor-element-populated\">\n\t\t\t\t\t\t<div class=\"elementor-element elementor-element-6cd7c0c elementor-widget elementor-widget-text-editor\" data-id=\"6cd7c0c\" data-element_type=\"widget\" data-widget_type=\"text-editor.default\">\n\t\t\t\t\t\t\t\t\t<p>Tous les Slash sont livr\u00e9s en cadre coffret boite bois noir vitr\u00e9 30X40 et d &lsquo;un passe partout , estampill\u00e9s et d&rsquo;une plaque num\u00e9rot\u00e9e au nombre d &lsquo;exemplaire .<\/p><ul><li>Slash : 195 \u20ac \u00c9dition limit\u00e9e \u00e0 50 exemplaires dans le monde,<br \/>num\u00e9rot\u00e9s , estampill\u00e9s et sign\u00e9s.*<\/li><li><span style=\"background-color: transparent;\">Sculpture Messenger 15 cm + socle b\u00e9ton \u00e0 partir de 95 \u20ac, num\u00e9rot\u00e9e et sign\u00e9e<\/span><\/li><li>Sculpture Messenger 40 cm + socle b\u00e9ton \u00e0 partir de 395 \u20ac \u00e0 r\u00e9cup\u00e9rer sur place.<\/li><li>Toiles livr\u00e9es sans cadre sign\u00e9es et numerot\u00e9es.<\/li><li>Frais de livraison offert en France m\u00e9tropolitaine*.<\/li><\/ul><div>\u00a0<\/div><div>\u00a0<\/div>\t\t\t\t\t\t\t\t<\/div>\n\t\t\t\t\t<\/div>\n\t\t<\/div>\n\t\t\t\t\t<\/div>\n\t\t<\/section>\n\t\t\t\t\t<\/div>\n\t\t<\/div>\n\t\t\t\t\t<\/div>\n\t\t<\/section>\n\t\t\t\t<section class=\"elementor-section elementor-top-section elementor-element elementor-element-4ffcdff elementor-section-boxed elementor-section-height-default elementor-section-height-default\" data-id=\"4ffcdff\" data-element_type=\"section\">\n\t\t\t\t\t\t<div class=\"elementor-container elementor-column-gap-default\">\n\t\t\t\t\t<div class=\"elementor-column elementor-col-100 elementor-top-column elementor-element elementor-element-187761d\" data-id=\"187761d\" data-element_type=\"column\">\n\t\t\t<div class=\"elementor-widget-wrap\">\n\t\t\t\t\t\t\t<\/div>\n\t\t<\/div>\n\t\t\t\t\t<\/div>\n\t\t<\/section>\n\t\t\t\t<\/div>\n\t\t","protected":false},"excerpt":{"rendered":"<p>https:\/\/vimeo.com\/1143152495?share=copy&#038;fl=sv&#038;fe=ci la Story Une \u0153uvre qui voyage, un message qui se cache, une libert\u00e9 qui s\u2019affirme. L\u2019univers des Messengers est n\u00e9 d\u2019un geste simple mais audacieux : d\u00e9tourner une c\u00e9l\u00e8bre figurine. Ce fragment d\u2019enfance devient alors le socle d\u2019une cr\u00e9ation libre, anonyme, presque secr\u00e8te. Son cr\u00e9ateur y insuffle ses propres codes, une grammaire visuelle singuli\u00e8re, [&hellip;]<\/p>\n","protected":false},"author":1,"featured_media":0,"parent":0,"menu_order":0,"comment_status":"closed","ping_status":"closed","template":"elementor_header_footer","meta":{"footnotes":""},"class_list":["post-2","page","type-page","status-publish","hentry"],"_links":{"self":[{"href":"https:\/\/normandyarts.fr\/index.php?rest_route=\/wp\/v2\/pages\/2","targetHints":{"allow":["GET"]}}],"collection":[{"href":"https:\/\/normandyarts.fr\/index.php?rest_route=\/wp\/v2\/pages"}],"about":[{"href":"https:\/\/normandyarts.fr\/index.php?rest_route=\/wp\/v2\/types\/page"}],"author":[{"embeddable":true,"href":"https:\/\/normandyarts.fr\/index.php?rest_route=\/wp\/v2\/users\/1"}],"replies":[{"embeddable":true,"href":"https:\/\/normandyarts.fr\/index.php?rest_route=%2Fwp%2Fv2%2Fcomments&post=2"}],"version-history":[{"count":694,"href":"https:\/\/normandyarts.fr\/index.php?rest_route=\/wp\/v2\/pages\/2\/revisions"}],"predecessor-version":[{"id":1816,"href":"https:\/\/normandyarts.fr\/index.php?rest_route=\/wp\/v2\/pages\/2\/revisions\/1816"}],"wp:attachment":[{"href":"https:\/\/normandyarts.fr\/index.php?rest_route=%2Fwp%2Fv2%2Fmedia&parent=2"}],"curies":[{"name":"wp","href":"https:\/\/api.w.org\/{rel}","templated":true}]}}