{"id":1182,"date":"2026-01-29T13:18:21","date_gmt":"2026-01-29T13:18:21","guid":{"rendered":"https:\/\/normandyarts.fr\/?page_id=1182"},"modified":"2026-02-11T14:25:27","modified_gmt":"2026-02-11T14:25:27","slug":"toiles","status":"publish","type":"page","link":"https:\/\/normandyarts.fr\/?page_id=1182","title":{"rendered":"Toiles"},"content":{"rendered":"\t\t<div data-elementor-type=\"wp-page\" data-elementor-id=\"1182\" class=\"elementor elementor-1182\" data-elementor-post-type=\"page\">\n\t\t\t\t\t\t<section class=\"elementor-section elementor-top-section elementor-element elementor-element-1287ca80 elementor-section-boxed elementor-section-height-default elementor-section-height-default\" data-id=\"1287ca80\" data-element_type=\"section\">\n\t\t\t\t\t\t<div class=\"elementor-container elementor-column-gap-default\">\n\t\t\t\t\t<div class=\"elementor-column elementor-col-100 elementor-top-column elementor-element elementor-element-5e7a18a6\" data-id=\"5e7a18a6\" data-element_type=\"column\">\n\t\t\t<div class=\"elementor-widget-wrap elementor-element-populated\">\n\t\t\t\t\t\t<div class=\"elementor-element elementor-element-512e4f4b elementor-widget elementor-widget-menu-anchor\" data-id=\"512e4f4b\" data-element_type=\"widget\" data-widget_type=\"menu-anchor.default\">\n\t\t\t\t\t\t\t<div class=\"elementor-menu-anchor\" id=\"sculptures\"><\/div>\n\t\t\t\t\t\t<\/div>\n\t\t\t\t<div class=\"elementor-element elementor-element-3fb8dfe7 elementor-widget elementor-widget-heading\" data-id=\"3fb8dfe7\" data-element_type=\"widget\" data-widget_type=\"heading.default\">\n\t\t\t\t\t<h1 class=\"elementor-heading-title elementor-size-default\">Mes Toiles<\/h1>\t\t\t\t<\/div>\n\t\t\t\t<div class=\"elementor-element elementor-element-69a425e2 elementor-widget elementor-widget-text-editor\" data-id=\"69a425e2\" data-element_type=\"widget\" data-widget_type=\"text-editor.default\">\n\t\t\t\t\t\t\t\t\t<p>&#8212;-<\/p>\t\t\t\t\t\t\t\t<\/div>\n\t\t\t\t<div class=\"elementor-element elementor-element-6e5cb799 elementor-widget elementor-widget-gallery\" data-id=\"6e5cb799\" data-element_type=\"widget\" data-settings=\"{&quot;overlay_description&quot;:&quot;caption&quot;,&quot;gallery_layout&quot;:&quot;justified&quot;,&quot;ideal_row_height&quot;:{&quot;unit&quot;:&quot;px&quot;,&quot;size&quot;:250,&quot;sizes&quot;:[]},&quot;lazyload&quot;:&quot;yes&quot;,&quot;ideal_row_height_tablet&quot;:{&quot;unit&quot;:&quot;px&quot;,&quot;size&quot;:150,&quot;sizes&quot;:[]},&quot;ideal_row_height_mobile&quot;:{&quot;unit&quot;:&quot;px&quot;,&quot;size&quot;:150,&quot;sizes&quot;:[]},&quot;gap&quot;:{&quot;unit&quot;:&quot;px&quot;,&quot;size&quot;:10,&quot;sizes&quot;:[]},&quot;gap_tablet&quot;:{&quot;unit&quot;:&quot;px&quot;,&quot;size&quot;:10,&quot;sizes&quot;:[]},&quot;gap_mobile&quot;:{&quot;unit&quot;:&quot;px&quot;,&quot;size&quot;:10,&quot;sizes&quot;:[]},&quot;link_to&quot;:&quot;file&quot;,&quot;overlay_background&quot;:&quot;yes&quot;,&quot;content_hover_animation&quot;:&quot;fade-in&quot;}\" data-widget_type=\"gallery.default\">\n\t\t\t\t\t\t\t<div class=\"elementor-gallery__container\">\n\t\t\t\t\t\t\t<a class=\"e-gallery-item elementor-gallery-item elementor-animated-content\" href=\"https:\/\/normandyarts.fr\/wp-content\/uploads\/2026\/02\/37cca930-ffad-11f0-855f-09712bfa991b-1-scaled.jpg\" data-elementor-open-lightbox=\"yes\" data-elementor-lightbox-slideshow=\"6e5cb799\" data-elementor-lightbox-title=\"Messenger N\u00b0114\/11\" data-elementor-lightbox-description=\"Grande toile r\u00e9alis\u00e9e \u00e0 l&#039;Acrylique 60x120 cm,\nnum\u00e9rot\u00e9e et sign\u00e9e, vendue sans cadre\" data-e-action-hash=\"#elementor-action%3Aaction%3Dlightbox%26settings%3DeyJpZCI6MTMzNCwidXJsIjoiaHR0cHM6XC9cL25vcm1hbmR5YXJ0cy5mclwvd3AtY29udGVudFwvdXBsb2Fkc1wvMjAyNlwvMDJcLzM3Y2NhOTMwLWZmYWQtMTFmMC04NTVmLTA5NzEyYmZhOTkxYi0xLXNjYWxlZC5qcGciLCJzbGlkZXNob3ciOiI2ZTVjYjc5OSJ9\">\n\t\t\t\t\t<div class=\"e-gallery-image elementor-gallery-item__image\" data-thumbnail=\"https:\/\/normandyarts.fr\/wp-content\/uploads\/2026\/02\/37cca930-ffad-11f0-855f-09712bfa991b-1-scaled.jpg\" data-width=\"1618\" data-height=\"2560\" aria-label=\"\" role=\"img\" ><\/div>\n\t\t\t\t\t\t\t\t\t\t\t<div class=\"elementor-gallery-item__overlay\"><\/div>\n\t\t\t\t\t\t\t\t\t\t\t\t\t\t\t<div class=\"elementor-gallery-item__content\">\n\t\t\t\t\t\t\t\t\t\t\t\t\t\t<div class=\"elementor-gallery-item__description\">\n\t\t\t\t\t\t\t\t\t\t\t\t\t\t\t\t\t\tMessenger N\u00b0114\/11<br> Toile Acrylique 60x120 cm,\nnum\u00e9rot\u00e9e et sign\u00e9e<br>Tarif :1200 \u20ac\t\t\t\t\t\t\t\t<\/div>\n\t\t\t\t\t\t\t\t\t\t\t\t<\/div>\n\t\t\t\t\t\t\t\t\t<\/a>\n\t\t\t\t\t\t\t<a class=\"e-gallery-item elementor-gallery-item elementor-animated-content\" href=\"https:\/\/normandyarts.fr\/wp-content\/uploads\/2026\/02\/47da7df0-ffaa-11f0-8552-c3d0445ec10e-scaled.jpg\" data-elementor-open-lightbox=\"yes\" data-elementor-lightbox-slideshow=\"6e5cb799\" data-elementor-lightbox-title=\"Messenger N\u00b0114\/13 Tarif :1200 \u20ac\" data-elementor-lightbox-description=\"Grande Toile r\u00e9alis\u00e9e \u00e0 l&#039;Acrylique 50x100 cm,\nnum\u00e9rot\u00e9e et sign\u00e9e.&lt;br&gt;Tarif 1200 \u20ac\" data-e-action-hash=\"#elementor-action%3Aaction%3Dlightbox%26settings%3DeyJpZCI6MTMyNSwidXJsIjoiaHR0cHM6XC9cL25vcm1hbmR5YXJ0cy5mclwvd3AtY29udGVudFwvdXBsb2Fkc1wvMjAyNlwvMDJcLzQ3ZGE3ZGYwLWZmYWEtMTFmMC04NTUyLWMzZDA0NDVlYzEwZS1zY2FsZWQuanBnIiwic2xpZGVzaG93IjoiNmU1Y2I3OTkifQ%3D%3D\">\n\t\t\t\t\t<div class=\"e-gallery-image elementor-gallery-item__image\" data-thumbnail=\"https:\/\/normandyarts.fr\/wp-content\/uploads\/2026\/02\/47da7df0-ffaa-11f0-8552-c3d0445ec10e-scaled.jpg\" data-width=\"1667\" data-height=\"2560\" aria-label=\"\" role=\"img\" ><\/div>\n\t\t\t\t\t\t\t\t\t\t\t<div class=\"elementor-gallery-item__overlay\"><\/div>\n\t\t\t\t\t\t\t\t\t\t\t\t\t\t\t<div class=\"elementor-gallery-item__content\">\n\t\t\t\t\t\t\t\t\t\t\t\t\t\t<div class=\"elementor-gallery-item__description\">\n\t\t\t\t\t\t\t\t\t\t\t\t\t\t\t\t\t\tMessenger N\u00b0114\/13<br> Toile Acrylique 50x100 cm,\nnum\u00e9rot\u00e9e et sign\u00e9e.<br>Tarif : 1200 \u20ac\t\t\t\t\t\t\t\t<\/div>\n\t\t\t\t\t\t\t\t\t\t\t\t<\/div>\n\t\t\t\t\t\t\t\t\t<\/a>\n\t\t\t\t\t\t\t<a class=\"e-gallery-item elementor-gallery-item elementor-animated-content\" href=\"https:\/\/normandyarts.fr\/wp-content\/uploads\/2026\/02\/c9a59d50-ffab-11f0-855f-09712bfa991b.jpg\" data-elementor-open-lightbox=\"yes\" data-elementor-lightbox-slideshow=\"6e5cb799\" data-elementor-lightbox-title=\"Messenger N\u00b0114\/15 Tarif : 1400 \u20ac\" data-elementor-lightbox-description=\"Grande Toile r\u00e9alis\u00e9e \u00e0 l&#039;acrylique 75x100 cm,\nnum\u00e9rot\u00e9e et sign\u00e9e,  vendue sans cadre.\" data-e-action-hash=\"#elementor-action%3Aaction%3Dlightbox%26settings%3DeyJpZCI6MTMyMywidXJsIjoiaHR0cHM6XC9cL25vcm1hbmR5YXJ0cy5mclwvd3AtY29udGVudFwvdXBsb2Fkc1wvMjAyNlwvMDJcL2M5YTU5ZDUwLWZmYWItMTFmMC04NTVmLTA5NzEyYmZhOTkxYi5qcGciLCJzbGlkZXNob3ciOiI2ZTVjYjc5OSJ9\">\n\t\t\t\t\t<div class=\"e-gallery-image elementor-gallery-item__image\" data-thumbnail=\"https:\/\/normandyarts.fr\/wp-content\/uploads\/2026\/02\/c9a59d50-ffab-11f0-855f-09712bfa991b.jpg\" data-width=\"1952\" data-height=\"2369\" aria-label=\"\" role=\"img\" ><\/div>\n\t\t\t\t\t\t\t\t\t\t\t<div class=\"elementor-gallery-item__overlay\"><\/div>\n\t\t\t\t\t\t\t\t\t\t\t\t\t\t\t<div class=\"elementor-gallery-item__content\">\n\t\t\t\t\t\t\t\t\t\t\t\t\t\t<div class=\"elementor-gallery-item__description\">\n\t\t\t\t\t\t\t\t\t\t\t\t\t\t\t\t\t\tMessenger N\u00b0114\/15<br> Toile Acrylique 75x100 cm,\nnum\u00e9rot\u00e9e et sign\u00e9e<br>Tarif : 1400 \u20ac\t\t\t\t\t\t\t\t<\/div>\n\t\t\t\t\t\t\t\t\t\t\t\t<\/div>\n\t\t\t\t\t\t\t\t\t<\/a>\n\t\t\t\t\t\t\t<a class=\"e-gallery-item elementor-gallery-item elementor-animated-content\" href=\"https:\/\/normandyarts.fr\/wp-content\/uploads\/2026\/02\/b288efc0-ffa9-11f0-8552-c3d0445ec10e-1-scaled.jpg\" data-elementor-open-lightbox=\"yes\" data-elementor-lightbox-slideshow=\"6e5cb799\" data-elementor-lightbox-title=\"Messenger N\u00b0114\/14 Tarif 1400 \u20ac\" data-elementor-lightbox-description=\"Grande toile 75 x 100 cm\nr\u00e9alis\u00e9 \u00e0 l&#039;acrylique, num\u00e9rot\u00e9e et sign\u00e9e vendue sans cadre.\" data-e-action-hash=\"#elementor-action%3Aaction%3Dlightbox%26settings%3DeyJpZCI6MTMyMiwidXJsIjoiaHR0cHM6XC9cL25vcm1hbmR5YXJ0cy5mclwvd3AtY29udGVudFwvdXBsb2Fkc1wvMjAyNlwvMDJcL2IyODhlZmMwLWZmYTktMTFmMC04NTUyLWMzZDA0NDVlYzEwZS0xLXNjYWxlZC5qcGciLCJzbGlkZXNob3ciOiI2ZTVjYjc5OSJ9\">\n\t\t\t\t\t<div class=\"e-gallery-image elementor-gallery-item__image\" data-thumbnail=\"https:\/\/normandyarts.fr\/wp-content\/uploads\/2026\/02\/b288efc0-ffa9-11f0-8552-c3d0445ec10e-1-scaled.jpg\" data-width=\"2111\" data-height=\"2560\" aria-label=\"\" role=\"img\" ><\/div>\n\t\t\t\t\t\t\t\t\t\t\t<div class=\"elementor-gallery-item__overlay\"><\/div>\n\t\t\t\t\t\t\t\t\t\t\t\t\t\t\t<div class=\"elementor-gallery-item__content\">\n\t\t\t\t\t\t\t\t\t\t\t\t\t\t<div class=\"elementor-gallery-item__description\">\n\t\t\t\t\t\t\t\t\t\t\t\t\t\t\t\t\t\tMessenger N\u00b0114\/14<br> Toile Acrylique 75x100 cm,\nnum\u00e9rot\u00e9e et sign\u00e9e.<br>Tarif 1400 \u20ac\t\t\t\t\t\t\t\t<\/div>\n\t\t\t\t\t\t\t\t\t\t\t\t<\/div>\n\t\t\t\t\t\t\t\t\t<\/a>\n\t\t\t\t\t\t\t<a class=\"e-gallery-item elementor-gallery-item elementor-animated-content\" href=\"https:\/\/normandyarts.fr\/wp-content\/uploads\/2026\/02\/fd36fa80-ffa9-11f0-8552-c3d0445ec10e-scaled.jpg\" data-elementor-open-lightbox=\"yes\" data-elementor-lightbox-slideshow=\"6e5cb799\" data-elementor-lightbox-title=\"Messenger N\u00b0125\/04 Tarif : 650 \u20ac\" data-elementor-lightbox-description=\"Messenger N\u00b0125 est l&#039;un des plus sophistiqu\u00e9 des messengers ,crois\u00e9 d &#039;un batteur \u00e0 patisserie et d&#039;une telecommande de television et de platre.\nJe suis trop fier de lui , il revient de loin , il a pass\u00e9 beaucoup de temps sur la table .\nTrop courageux , je lui doit donc de partager de belles aventures,rues,  creation,  expositions,...\" data-e-action-hash=\"#elementor-action%3Aaction%3Dlightbox%26settings%3DeyJpZCI6MTMyMSwidXJsIjoiaHR0cHM6XC9cL25vcm1hbmR5YXJ0cy5mclwvd3AtY29udGVudFwvdXBsb2Fkc1wvMjAyNlwvMDJcL2ZkMzZmYTgwLWZmYTktMTFmMC04NTUyLWMzZDA0NDVlYzEwZS1zY2FsZWQuanBnIiwic2xpZGVzaG93IjoiNmU1Y2I3OTkifQ%3D%3D\">\n\t\t\t\t\t<div class=\"e-gallery-image elementor-gallery-item__image\" data-thumbnail=\"https:\/\/normandyarts.fr\/wp-content\/uploads\/2026\/02\/fd36fa80-ffa9-11f0-8552-c3d0445ec10e-scaled.jpg\" data-width=\"2560\" data-height=\"2091\" aria-label=\"\" role=\"img\" ><\/div>\n\t\t\t\t\t\t\t\t\t\t\t<div class=\"elementor-gallery-item__overlay\"><\/div>\n\t\t\t\t\t\t\t\t\t\t\t\t\t\t\t<div class=\"elementor-gallery-item__content\">\n\t\t\t\t\t\t\t\t\t\t\t\t\t\t<div class=\"elementor-gallery-item__description\">\n\t\t\t\t\t\t\t\t\t\t\t\t\t\t\t\t\t\tN\u00b0125\/04<br> Toile Acrylique 75x100 cm,\nnum\u00e9rot\u00e9e et sign\u00e9e<br>Tarif : 650 \u20ac\t\t\t\t\t\t\t\t<\/div>\n\t\t\t\t\t\t\t\t\t\t\t\t<\/div>\n\t\t\t\t\t\t\t\t\t<\/a>\n\t\t\t\t\t\t\t<a class=\"e-gallery-item elementor-gallery-item elementor-animated-content\" href=\"https:\/\/normandyarts.fr\/wp-content\/uploads\/2026\/02\/95bf6630-ffa9-11f0-8552-c3d0445ec10e-scaled.jpg\" data-elementor-open-lightbox=\"yes\" data-elementor-lightbox-slideshow=\"6e5cb799\" data-elementor-lightbox-title=\"Messenger N\u00b0114\/14 Tarif : 1200 \u20ac\" data-elementor-lightbox-description=\"Grande Toile  r\u00e9alis\u00e9e \u00e0 l&#039;Acrylique 75x100 cm,, num\u00e9rot\u00e9e et sign\u00e9e vendue sans cadre.\nnum\u00e9rot\u00e9e et sign\u00e9e, vendue sans cadre\" data-e-action-hash=\"#elementor-action%3Aaction%3Dlightbox%26settings%3DeyJpZCI6MTMxOSwidXJsIjoiaHR0cHM6XC9cL25vcm1hbmR5YXJ0cy5mclwvd3AtY29udGVudFwvdXBsb2Fkc1wvMjAyNlwvMDJcLzk1YmY2NjMwLWZmYTktMTFmMC04NTUyLWMzZDA0NDVlYzEwZS1zY2FsZWQuanBnIiwic2xpZGVzaG93IjoiNmU1Y2I3OTkifQ%3D%3D\">\n\t\t\t\t\t<div class=\"e-gallery-image elementor-gallery-item__image\" data-thumbnail=\"https:\/\/normandyarts.fr\/wp-content\/uploads\/2026\/02\/95bf6630-ffa9-11f0-8552-c3d0445ec10e-scaled.jpg\" data-width=\"1659\" data-height=\"2560\" aria-label=\"\" role=\"img\" ><\/div>\n\t\t\t\t\t\t\t\t\t\t\t<div class=\"elementor-gallery-item__overlay\"><\/div>\n\t\t\t\t\t\t\t\t\t\t\t\t\t\t\t<div class=\"elementor-gallery-item__content\">\n\t\t\t\t\t\t\t\t\t\t\t\t\t\t<div class=\"elementor-gallery-item__description\">\n\t\t\t\t\t\t\t\t\t\t\t\t\t\t\t\t\t\tN\u00b0114\/14<br> Toile Acrylique 75x100 cm,\nnum\u00e9rot\u00e9e et sign\u00e9e<br>Tarif :1200 \u20ac\t\t\t\t\t\t\t\t<\/div>\n\t\t\t\t\t\t\t\t\t\t\t\t<\/div>\n\t\t\t\t\t\t\t\t\t<\/a>\n\t\t\t\t\t\t\t<a class=\"e-gallery-item elementor-gallery-item elementor-animated-content\" href=\"https:\/\/normandyarts.fr\/wp-content\/uploads\/2026\/02\/c678d950-ffa9-11f0-8552-c3d0445ec10e-scaled.jpg\" data-elementor-open-lightbox=\"yes\" data-elementor-lightbox-slideshow=\"6e5cb799\" data-elementor-lightbox-title=\"Messenger N\u00b0108\/08 Tarif: 650 \u20ac\" data-elementor-lightbox-description=\"Messenger N\u00b0 108 l un des plus emblematiques de Normand yarts .\nA vrai dire mon premier et mon pr\u00e9f\u00e9r\u00e9 , il incarne ce mouvement , le plus photog\u00e9nique ,pierre photo ,dessin, digital...\nMon coup de coeur parmi toutes  mes creations.\" data-e-action-hash=\"#elementor-action%3Aaction%3Dlightbox%26settings%3DeyJpZCI6MTMxOCwidXJsIjoiaHR0cHM6XC9cL25vcm1hbmR5YXJ0cy5mclwvd3AtY29udGVudFwvdXBsb2Fkc1wvMjAyNlwvMDJcL2M2NzhkOTUwLWZmYTktMTFmMC04NTUyLWMzZDA0NDVlYzEwZS1zY2FsZWQuanBnIiwic2xpZGVzaG93IjoiNmU1Y2I3OTkifQ%3D%3D\">\n\t\t\t\t\t<div class=\"e-gallery-image elementor-gallery-item__image\" data-thumbnail=\"https:\/\/normandyarts.fr\/wp-content\/uploads\/2026\/02\/c678d950-ffa9-11f0-8552-c3d0445ec10e-scaled.jpg\" data-width=\"2560\" data-height=\"2048\" aria-label=\"\" role=\"img\" ><\/div>\n\t\t\t\t\t\t\t\t\t\t\t<div class=\"elementor-gallery-item__overlay\"><\/div>\n\t\t\t\t\t\t\t\t\t\t\t\t\t\t\t<div class=\"elementor-gallery-item__content\">\n\t\t\t\t\t\t\t\t\t\t\t\t\t\t<div class=\"elementor-gallery-item__description\">\n\t\t\t\t\t\t\t\t\t\t\t\t\t\t\t\t\t\tN\u00b0108\/08<br> Toile Acrylique 80x60 cm,\nnum\u00e9rot\u00e9e et sign\u00e9e<br>Tarif : 650 \u20ac\t\t\t\t\t\t\t\t<\/div>\n\t\t\t\t\t\t\t\t\t\t\t\t<\/div>\n\t\t\t\t\t\t\t\t\t<\/a>\n\t\t\t\t\t\t\t<a class=\"e-gallery-item elementor-gallery-item elementor-animated-content\" href=\"https:\/\/normandyarts.fr\/wp-content\/uploads\/2026\/02\/2ea31e90-0299-11f1-9979-71203a0cf555-scaled.jpg\" data-elementor-open-lightbox=\"yes\" data-elementor-lightbox-slideshow=\"6e5cb799\" data-elementor-lightbox-title=\"Messenger N\u00b0108\/15 Tarif : 1400 \u20ac\" data-elementor-lightbox-description=\"Messenger N\u00b0 108 l un des plus emblematiques de Normand yarts .\nA vrai dire mon premier et mon pr\u00e9f\u00e9r\u00e9 , il incarne ce mouvement , le plus photog\u00e9nique ,pierre photo ,dessin, digital...\nMon coup de coeur parmi toutes  mes creations.\" data-e-action-hash=\"#elementor-action%3Aaction%3Dlightbox%26settings%3DeyJpZCI6MTY0OCwidXJsIjoiaHR0cHM6XC9cL25vcm1hbmR5YXJ0cy5mclwvd3AtY29udGVudFwvdXBsb2Fkc1wvMjAyNlwvMDJcLzJlYTMxZTkwLTAyOTktMTFmMS05OTc5LTcxMjAzYTBjZjU1NS1zY2FsZWQuanBnIiwic2xpZGVzaG93IjoiNmU1Y2I3OTkifQ%3D%3D\">\n\t\t\t\t\t<div class=\"e-gallery-image elementor-gallery-item__image\" data-thumbnail=\"https:\/\/normandyarts.fr\/wp-content\/uploads\/2026\/02\/2ea31e90-0299-11f1-9979-71203a0cf555-scaled.jpg\" data-width=\"1904\" data-height=\"2560\" aria-label=\"\" role=\"img\" ><\/div>\n\t\t\t\t\t\t\t\t\t\t\t<div class=\"elementor-gallery-item__overlay\"><\/div>\n\t\t\t\t\t\t\t\t\t\t\t\t\t\t\t<div class=\"elementor-gallery-item__content\">\n\t\t\t\t\t\t\t\t\t\t\t\t\t\t<div class=\"elementor-gallery-item__description\">\n\t\t\t\t\t\t\t\t\t\t\t\t\t\t\t\t\t\tMessenger N\u00b0108\/15<br> Toile Acrylique 75x100 cm,\nnum\u00e9rot\u00e9e et sign\u00e9e.<br> Tarif : 1400 \u20ac\t\t\t\t\t\t\t\t<\/div>\n\t\t\t\t\t\t\t\t\t\t\t\t<\/div>\n\t\t\t\t\t\t\t\t\t<\/a>\n\t\t\t\t\t\t\t<a class=\"e-gallery-item elementor-gallery-item elementor-animated-content\" href=\"https:\/\/normandyarts.fr\/wp-content\/uploads\/2026\/02\/fd9d1210-0298-11f1-9979-71203a0cf555.jpg\" data-elementor-open-lightbox=\"yes\" data-elementor-lightbox-slideshow=\"6e5cb799\" data-elementor-lightbox-title=\"Messenger N\u00b0108\/14 Tarif : 1400 \u20ac\" data-elementor-lightbox-description=\"Messenger N\u00b0 108 l un des plus emblematiques de Normand yarts .\nA vrai dire mon premier et mon pr\u00e9f\u00e9r\u00e9 , il incarne ce mouvement , le plus photog\u00e9nique ,pierre photo ,dessin, digital...\nMon coup de coeur parmi toutes  mes creations.\" data-e-action-hash=\"#elementor-action%3Aaction%3Dlightbox%26settings%3DeyJpZCI6MTY0NywidXJsIjoiaHR0cHM6XC9cL25vcm1hbmR5YXJ0cy5mclwvd3AtY29udGVudFwvdXBsb2Fkc1wvMjAyNlwvMDJcL2ZkOWQxMjEwLTAyOTgtMTFmMS05OTc5LTcxMjAzYTBjZjU1NS5qcGciLCJzbGlkZXNob3ciOiI2ZTVjYjc5OSJ9\">\n\t\t\t\t\t<div class=\"e-gallery-image elementor-gallery-item__image\" data-thumbnail=\"https:\/\/normandyarts.fr\/wp-content\/uploads\/2026\/02\/fd9d1210-0298-11f1-9979-71203a0cf555.jpg\" data-width=\"1935\" data-height=\"2508\" aria-label=\"\" role=\"img\" ><\/div>\n\t\t\t\t\t\t\t\t\t\t\t<div class=\"elementor-gallery-item__overlay\"><\/div>\n\t\t\t\t\t\t\t\t\t\t\t\t\t\t\t<div class=\"elementor-gallery-item__content\">\n\t\t\t\t\t\t\t\t\t\t\t\t\t\t<div class=\"elementor-gallery-item__description\">\n\t\t\t\t\t\t\t\t\t\t\t\t\t\t\t\t\t\tMessenger N\u00b0108\/14<br> Toile Acrylique 75x100 cm,\nnum\u00e9rot\u00e9e et sign\u00e9e.<br> Tarif : 1400 \u20ac\t\t\t\t\t\t\t\t<\/div>\n\t\t\t\t\t\t\t\t\t\t\t\t<\/div>\n\t\t\t\t\t\t\t\t\t<\/a>\n\t\t\t\t\t<\/div>\n\t\t\t\t\t<\/div>\n\t\t\t\t<div class=\"elementor-element elementor-element-2d39c6be elementor-widget elementor-widget-spacer\" data-id=\"2d39c6be\" data-element_type=\"widget\" data-widget_type=\"spacer.default\">\n\t\t\t\t\t\t\t<div class=\"elementor-spacer\">\n\t\t\t<div class=\"elementor-spacer-inner\"><\/div>\n\t\t<\/div>\n\t\t\t\t\t\t<\/div>\n\t\t\t\t\t<\/div>\n\t\t<\/div>\n\t\t\t\t\t<\/div>\n\t\t<\/section>\n\t\t\t\t<section class=\"elementor-section elementor-top-section elementor-element elementor-element-6deedfd elementor-section-boxed elementor-section-height-default elementor-section-height-default\" data-id=\"6deedfd\" data-element_type=\"section\">\n\t\t\t\t\t\t<div class=\"elementor-container elementor-column-gap-default\">\n\t\t\t\t\t<div class=\"elementor-column elementor-col-100 elementor-top-column elementor-element elementor-element-5c44d28\" data-id=\"5c44d28\" data-element_type=\"column\">\n\t\t\t<div class=\"elementor-widget-wrap\">\n\t\t\t\t\t\t\t<\/div>\n\t\t<\/div>\n\t\t\t\t\t<\/div>\n\t\t<\/section>\n\t\t\t\t<section class=\"elementor-section elementor-top-section elementor-element elementor-element-3e1aed43 elementor-section-boxed elementor-section-height-default elementor-section-height-default\" data-id=\"3e1aed43\" data-element_type=\"section\">\n\t\t\t\t\t\t<div class=\"elementor-container elementor-column-gap-default\">\n\t\t\t\t\t<div class=\"elementor-column elementor-col-100 elementor-top-column elementor-element elementor-element-43f082de\" data-id=\"43f082de\" data-element_type=\"column\">\n\t\t\t<div class=\"elementor-widget-wrap elementor-element-populated\">\n\t\t\t\t\t\t<div class=\"elementor-element elementor-element-fe3f04b elementor-widget elementor-widget-spacer\" data-id=\"fe3f04b\" data-element_type=\"widget\" data-widget_type=\"spacer.default\">\n\t\t\t\t\t\t\t<div class=\"elementor-spacer\">\n\t\t\t<div class=\"elementor-spacer-inner\"><\/div>\n\t\t<\/div>\n\t\t\t\t\t\t<\/div>\n\t\t\t\t\t<\/div>\n\t\t<\/div>\n\t\t\t\t\t<\/div>\n\t\t<\/section>\n\t\t\t\t<\/div>\n\t\t","protected":false},"excerpt":{"rendered":"<p>Mes Toiles &#8212;- Messenger N\u00b0114\/11 Toile Acrylique 60&#215;120 cm, num\u00e9rot\u00e9e et sign\u00e9eTarif :1200 \u20ac Messenger N\u00b0114\/13 Toile Acrylique 50&#215;100 cm, num\u00e9rot\u00e9e et sign\u00e9e.Tarif : 1200 \u20ac Messenger N\u00b0114\/15 Toile Acrylique 75&#215;100 cm, num\u00e9rot\u00e9e et sign\u00e9eTarif : 1400 \u20ac Messenger N\u00b0114\/14 Toile Acrylique 75&#215;100 cm, num\u00e9rot\u00e9e et sign\u00e9e.Tarif 1400 \u20ac N\u00b0125\/04 Toile Acrylique 75&#215;100 cm, num\u00e9rot\u00e9e [&hellip;]<\/p>\n","protected":false},"author":1,"featured_media":0,"parent":0,"menu_order":0,"comment_status":"closed","ping_status":"closed","template":"","meta":{"footnotes":""},"class_list":["post-1182","page","type-page","status-publish","hentry"],"_links":{"self":[{"href":"https:\/\/normandyarts.fr\/index.php?rest_route=\/wp\/v2\/pages\/1182","targetHints":{"allow":["GET"]}}],"collection":[{"href":"https:\/\/normandyarts.fr\/index.php?rest_route=\/wp\/v2\/pages"}],"about":[{"href":"https:\/\/normandyarts.fr\/index.php?rest_route=\/wp\/v2\/types\/page"}],"author":[{"embeddable":true,"href":"https:\/\/normandyarts.fr\/index.php?rest_route=\/wp\/v2\/users\/1"}],"replies":[{"embeddable":true,"href":"https:\/\/normandyarts.fr\/index.php?rest_route=%2Fwp%2Fv2%2Fcomments&post=1182"}],"version-history":[{"count":52,"href":"https:\/\/normandyarts.fr\/index.php?rest_route=\/wp\/v2\/pages\/1182\/revisions"}],"predecessor-version":[{"id":1707,"href":"https:\/\/normandyarts.fr\/index.php?rest_route=\/wp\/v2\/pages\/1182\/revisions\/1707"}],"wp:attachment":[{"href":"https:\/\/normandyarts.fr\/index.php?rest_route=%2Fwp%2Fv2%2Fmedia&parent=1182"}],"curies":[{"name":"wp","href":"https:\/\/api.w.org\/{rel}","templated":true}]}}